{"id":12,"date":"2025-01-11T03:36:15","date_gmt":"2025-01-11T03:36:15","guid":{"rendered":"https:\/\/ubt.mjm.mybluehost.me\/website_55271c50\/contact\/"},"modified":"2025-04-03T17:57:53","modified_gmt":"2025-04-03T21:57:53","slug":"contact","status":"publish","type":"page","link":"https:\/\/earinnovation.com\/en\/contact\/","title":{"rendered":"Contact"},"content":{"rendered":"\n<div class=\"nfd-container nfd-p-0 wp-block-group alignfull has-white-color has-ast-global-color-5-background-color has-text-color has-background is-layout-constrained wp-container-core-group-is-layout-e555385e wp-block-group-is-layout-constrained\">\n<header class=\"nfd-my-0 nfd-p-lg nfd-gap-xl is-style-default wp-block-group alignwide is-vertical is-content-justification-center is-layout-flex wp-container-core-group-is-layout-7a6fea28 wp-block-group-is-layout-flex\" style=\"border-style:none;border-width:0px;border-radius:0px;min-height:0px;padding-top:var(--wp--preset--spacing--80);padding-right:0;padding-bottom:var(--wp--preset--spacing--80);padding-left:0\">\n<h1 class=\"nfd-text-current nfd-text-giga wp-block-heading has-text-align-center\"><span style=\"color: var(--ast-global-color-2);\" class=\"stk-highlight\">Cont\u00e1ctanos<\/span><\/h1>\n\n\n\n<div class=\"nfd-text-md nfd-text-opacity-80 wp-block-group has-ast-global-color-1-color has-text-color has-link-color wp-elements-128c06510d1d2f30cbd1f98ff8daf800 is-layout-constrained wp-container-core-group-is-layout-ff55baa2 wp-block-group-is-layout-constrained\">\n<h1 class=\"wp-block-heading has-text-align-center has-ast-global-color-1-color has-text-color has-link-color has-small-font-size wp-elements-bc326cae6826760b027eed65880cd848\" style=\"font-style:normal;font-weight:800\"><span style=\"color: #00003e;\" class=\"stk-highlight\"> \u00a1 Invierte en el futuro de t\u00fa empresa !<\/span><\/h1>\n<\/div>\n<\/header>\n\n\n\n<div class=\"wp-block-group has-border-color has-white-background-color has-background is-content-justification-left is-layout-flex wp-container-core-group-is-layout-751a8721 wp-block-group-is-layout-flex\" style=\"border-color:#00000017;border-width:1px;border-radius:19px;padding-top:4px;padding-right:4px;padding-bottom:4px;padding-left:4px\">\n<div class=\"nfd-p-md nfd-bg-gray-800 nfd-text-base md:nfd-basis-full nfd-bg-surface nfd-theme-darker is-style-nfd-theme-darker wp-block-group has-background wp-container-content-01c117f0 is-vertical is-content-justification-left is-layout-flex wp-container-core-group-is-layout-95b9bda4 wp-block-group-is-layout-flex\" style=\"border-radius:16px;background-color:#001729\">\n<div class=\"wp-block-group is-layout-constrained wp-container-core-group-is-layout-6141fbbf wp-block-group-is-layout-constrained\">\n<div class=\"wp-block-group is-layout-constrained wp-block-group-is-layout-constrained\">\n<h2 class=\"wp-block-heading nfd-text-current nfd-text-lg has-ast-global-color-4-color has-text-color has-link-color wp-elements-24166bc6afcde3709d22206788aeeaa9\"><strong>Escr\u00edbenos<\/strong><\/h2>\n\n\n\n<p class=\"nfd-text-opacity-80\">Daremos soluci\u00f3n a todas tus preguntas<\/p>\n<\/div>\n\n\n\n<div class=\"wp-block-group is-layout-constrained wp-container-core-group-is-layout-334a2726 wp-block-group-is-layout-constrained\">\n<p class=\"nfd-text-opacity-80 nfd-text-sm has-ast-global-color-4-color has-text-color has-link-color wp-elements-c283a8ae5e89485282cb67671c31662d\" style=\"line-height:0\"><br>ceo@earinnovation.com<\/p>\n<\/div>\n\n\n\n<p class=\"\">+1 864 6038855<\/p>\n<\/div>\n\n\n\n<ul class=\"is-style-default wp-block-social-links alignleft has-normal-icon-size has-icon-color has-icon-background-color is-content-justification-space-between is-layout-flex wp-container-core-social-links-is-layout-b2891da8 wp-block-social-links-is-layout-flex\"><\/ul>\n<\/div>\n\n\n\n<div class=\"nfd-p-md md:nfd-basis-full nfd-bg-surface nfd-theme-white is-style-nfd-theme-white wp-block-group wp-container-content-6d18316b is-layout-constrained wp-container-core-group-is-layout-70f4fdbb wp-block-group-is-layout-constrained\" style=\"border-top-left-radius:0px;border-top-right-radius:16px;border-bottom-left-radius:0px;border-bottom-right-radius:16px\"><style id=\"wpforms-css-vars-233-block-9d4a8bcb-a6a7-46be-937d-6a20d6b3f9d6\">\n\t\t\t\t#wpforms-233.wpforms-block-9d4a8bcb-a6a7-46be-937d-6a20d6b3f9d6 {\n\t\t\t\t--wpforms-field-size-input-height: 50px;\n--wpforms-field-size-input-spacing: 20px;\n--wpforms-field-size-font-size: 18px;\n--wpforms-field-size-line-height: 21px;\n--wpforms-field-size-padding-h: 14px;\n--wpforms-field-size-checkbox-size: 18px;\n--wpforms-field-size-sublabel-spacing: 10px;\n--wpforms-field-size-icon-size: 1.25;\n--wpforms-label-size-font-size: 16px;\n--wpforms-label-size-line-height: 19px;\n--wpforms-label-size-sublabel-font-size: 14px;\n--wpforms-label-size-sublabel-line-height: 17px;\n--wpforms-button-size-font-size: 17px;\n--wpforms-button-size-height: 41px;\n--wpforms-button-size-padding-h: 15px;\n--wpforms-button-size-margin-top: 10px;\n\t\t\t}\n\t\t\t<\/style><div class=\"wpforms-container wpforms-container-full wpforms-block wpforms-block-9d4a8bcb-a6a7-46be-937d-6a20d6b3f9d6 wpforms-render-modern\" id=\"wpforms-233\"><form id=\"wpforms-form-233\" class=\"wpforms-validate wpforms-form wpforms-ajax-form\" data-formid=\"233\" method=\"post\" enctype=\"multipart\/form-data\" action=\"\/en\/wp-json\/wp\/v2\/pages\/12\" data-token=\"890b01b29490fc4049d51e6023d035cb\" data-token-time=\"1778437491\"><div class=\"wpforms-head-container\"><div class=\"wpforms-title\">Formulario de Contacto<\/div><div class=\"wpforms-description\">Formulario de contacto para informaci\u00f3n de los servicios u otras inquietudes sobre la empresa.<\/div><\/div><noscript class=\"wpforms-error-noscript\">Please enable JavaScript in your browser to complete this form.<\/noscript><div id=\"wpforms-error-noscript\" style=\"display: none;\">Please enable JavaScript in your browser to complete this form.<\/div><div class=\"wpforms-field-container\"><div id=\"wpforms-233-field_0-container\" class=\"wpforms-field wpforms-field-name\" data-field-id=\"0\"><fieldset><legend class=\"wpforms-field-label\">Nombre <span class=\"wpforms-required-label\" aria-hidden=\"true\">*<\/span><\/legend><div class=\"wpforms-field-row wpforms-field-medium\"><div class=\"wpforms-field-row-block wpforms-first wpforms-one-half\"><input type=\"text\" id=\"wpforms-233-field_0\" class=\"wpforms-field-name-first wpforms-field-required\" name=\"wpforms[fields][0][first]\" aria-errormessage=\"wpforms-233-field_0-error\" required><label for=\"wpforms-233-field_0\" class=\"wpforms-field-sublabel after\">First<\/label><\/div><div class=\"wpforms-field-row-block wpforms-one-half\"><input type=\"text\" id=\"wpforms-233-field_0-last\" class=\"wpforms-field-name-last wpforms-field-required\" name=\"wpforms[fields][0][last]\" aria-errormessage=\"wpforms-233-field_0-last-error\" required><label for=\"wpforms-233-field_0-last\" class=\"wpforms-field-sublabel after\">Last<\/label><\/div><\/div><\/fieldset><\/div><div id=\"wpforms-233-field_1-container\" class=\"wpforms-field wpforms-field-email\" data-field-id=\"1\"><label class=\"wpforms-field-label\" for=\"wpforms-233-field_1\">Email <span class=\"wpforms-required-label\" aria-hidden=\"true\">*<\/span><\/label><input type=\"email\" id=\"wpforms-233-field_1\" class=\"wpforms-field-medium wpforms-field-required\" name=\"wpforms[fields][1]\" spellcheck=\"false\" aria-errormessage=\"wpforms-233-field_1-error\" required><\/div><div id=\"wpforms-233-field_6-container\" class=\"wpforms-field wpforms-field-select wpforms-field-select-style-classic\" data-field-id=\"6\"><label class=\"wpforms-field-label\" for=\"wpforms-233-field_6\">Servicios<\/label><select id=\"wpforms-233-field_6\" class=\"wpforms-field-medium\" name=\"wpforms[fields][6]\"><option value=\"...\"  class=\"choice-6 depth-1\"  >&#8230;<\/option><option value=\"Asistencia personalizada con Inteligencia Artificial\"  class=\"choice-7 depth-1\"  >Asistencia personalizada con Inteligencia Artificial<\/option><option value=\"Capacitaci\u00f3n en IA y Empoderamiento Empresarial: Potencia el Talento de tu Equipo\"  class=\"choice-2 depth-1\"  >Capacitaci\u00f3n en IA y Empoderamiento Empresarial: Potencia el Talento de tu Equipo<\/option><option value=\"Asistencia personalizada con Inteligencia Artificial\"  class=\"choice-4 depth-1\"  >Asistencia personalizada con Inteligencia Artificial<\/option><option value=\"Otro\"  class=\"choice-5 depth-1\"  >Otro<\/option><\/select><\/div><div id=\"wpforms-233-field_3-container\" class=\"wpforms-field wpforms-field-textarea\" data-field-id=\"3\"><label class=\"wpforms-field-label\" for=\"wpforms-233-field_3\">Mensaje <span class=\"wpforms-required-label\" aria-hidden=\"true\">*<\/span><\/label><textarea id=\"wpforms-233-field_3\" class=\"wpforms-field-medium wpforms-field-required\" name=\"wpforms[fields][3]\" aria-errormessage=\"wpforms-233-field_3-error\" required><\/textarea><\/div>\t\t<div id=\"wpforms-233-field_2-container\"\n\t\t\tclass=\"wpforms-field wpforms-field-text\"\n\t\t\tdata-field-type=\"text\"\n\t\t\tdata-field-id=\"2\"\n\t\t\t>\n\t\t\t<label class=\"wpforms-field-label\" for=\"wpforms-233-field_2\" >Servicios Consentimiento Nombre<\/label>\n\t\t\t<input type=\"text\" id=\"wpforms-233-field_2\" class=\"wpforms-field-medium\" name=\"wpforms[fields][2]\" >\n\t\t<\/div>\n\t\t<div id=\"wpforms-233-field_7-container\" class=\"wpforms-field wpforms-field-checkbox\" data-field-id=\"7\"><fieldset><legend class=\"wpforms-field-label\">Consentimiento <span class=\"wpforms-required-label\" aria-hidden=\"true\">*<\/span><\/legend><ul id=\"wpforms-233-field_7\" class=\"wpforms-field-required\"><li class=\"choice-1 depth-1\"><input type=\"checkbox\" id=\"wpforms-233-field_7_1\" name=\"wpforms[fields][7][]\" value=\"He le\u00eddo y acepto las pol\u00edticas de privacidad establecidas, comprendiendo el uso y tratamiento de mis datos personales conforme a los t\u00e9rminos indicados.\" aria-errormessage=\"wpforms-233-field_7_1-error\" required ><label class=\"wpforms-field-label-inline\" for=\"wpforms-233-field_7_1\">He le\u00eddo y acepto las pol\u00edticas de privacidad establecidas, comprendiendo el uso y tratamiento de mis datos personales conforme a los t\u00e9rminos indicados.<\/label><\/li><\/ul><\/fieldset><\/div><script>\n\t\t\t\t( function() {\n\t\t\t\t\tconst style = document.createElement( 'style' );\n\t\t\t\t\tstyle.appendChild( document.createTextNode( '#wpforms-233-field_2-container { position: absolute !important; overflow: hidden !important; display: inline !important; height: 1px !important; width: 1px !important; z-index: -1000 !important; padding: 0 !important; } #wpforms-233-field_2-container input { visibility: hidden; } #wpforms-conversational-form-page #wpforms-233-field_2-container label { counter-increment: none; }' ) );\n\t\t\t\t\tdocument.head.appendChild( style );\n\t\t\t\t\tdocument.currentScript?.remove();\n\t\t\t\t} )();\n\t\t\t<\/script><\/div><!-- .wpforms-field-container --><div class=\"wpforms-submit-container\" ><input type=\"hidden\" name=\"wpforms[id]\" value=\"233\"><input type=\"hidden\" name=\"page_title\" value=\"\"><input type=\"hidden\" name=\"page_url\" value=\"https:\/\/earinnovation.com\/en\/wp-json\/wp\/v2\/pages\/12\"><input type=\"hidden\" name=\"url_referer\" value=\"\"><button type=\"submit\" name=\"wpforms[submit]\" id=\"wpforms-submit-233\" class=\"wpforms-submit\" data-alt-text=\"Enviando...\" data-submit-text=\"Enviar\" aria-live=\"assertive\" value=\"wpforms-submit\">Enviar<\/button><img decoding=\"async\" src=\"https:\/\/earinnovation.com\/wp-content\/plugins\/wpforms-lite\/assets\/images\/submit-spin.svg\" class=\"wpforms-submit-spinner\" style=\"display: none;\" width=\"26\" height=\"26\" alt=\"Loading\"><\/div><\/form><\/div>  <!-- .wpforms-container --><\/div>\n<\/div>\n<\/div>\n\n\n\n<p class=\"\"><\/p>\n","protected":false},"excerpt":{"rendered":"<p>Cont\u00e1ctanos \u00a1 Invierte en el futuro de t\u00fa empresa ! Escr\u00edbenos Daremos soluci\u00f3n a todas tus preguntas ceo@earinnovation.com +1 864 6038855<\/p>","protected":false},"author":1,"featured_media":0,"parent":0,"menu_order":0,"comment_status":"closed","ping_status":"closed","template":"","meta":{"_acf_changed":false,"nf_dc_page":"","om_disable_all_campaigns":false,"_monsterinsights_skip_tracking":false,"_monsterinsights_sitenote_active":false,"_monsterinsights_sitenote_note":"","_monsterinsights_sitenote_category":0,"site-sidebar-layout":"default","site-content-layout":"","ast-site-content-layout":"","site-content-style":"default","site-sidebar-style":"default","ast-global-header-display":"","ast-banner-title-visibility":"","ast-main-header-display":"","ast-hfb-above-header-display":"","ast-hfb-below-header-display":"","ast-hfb-mobile-header-display":"","site-post-title":"disabled","ast-breadcrumbs-content":"","ast-featured-img":"","footer-sml-layout":"","ast-disable-related-posts":"","theme-transparent-header-meta":"","adv-header-id-meta":"","stick-header-meta":"","header-above-stick-meta":"","header-main-stick-meta":"","header-below-stick-meta":"","astra-migrate-meta-layouts":"default","ast-page-background-enabled":"default","ast-page-background-meta":{"desktop":{"background-color":"var(--ast-global-color-5)","background-image":"","background-repeat":"repeat","background-position":"center center","background-size":"auto","background-attachment":"scroll","background-type":"","background-media":"","overlay-type":"","overlay-color":"","overlay-opacity":"","overlay-gradient":""},"tablet":{"background-color":"","background-image":"","background-repeat":"repeat","background-position":"center center","background-size":"auto","background-attachment":"scroll","background-type":"","background-media":"","overlay-type":"","overlay-color":"","overlay-opacity":"","overlay-gradient":""},"mobile":{"background-color":"","background-image":"","background-repeat":"repeat","background-position":"center center","background-size":"auto","background-attachment":"scroll","background-type":"","background-media":"","overlay-type":"","overlay-color":"","overlay-opacity":"","overlay-gradient":""}},"ast-content-background-meta":{"desktop":{"background-color":"var(--ast-global-color-4)","background-image":"","background-repeat":"repeat","background-position":"center center","background-size":"auto","background-attachment":"scroll","background-type":"","background-media":"","overlay-type":"","overlay-color":"","overlay-opacity":"","overlay-gradient":""},"tablet":{"background-color":"var(--ast-global-color-4)","background-image":"","background-repeat":"repeat","background-position":"center center","background-size":"auto","background-attachment":"scroll","background-type":"","background-media":"","overlay-type":"","overlay-color":"","overlay-opacity":"","overlay-gradient":""},"mobile":{"background-color":"var(--ast-global-color-4)","background-image":"","background-repeat":"repeat","background-position":"center center","background-size":"auto","background-attachment":"scroll","background-type":"","background-media":"","overlay-type":"","overlay-color":"","overlay-opacity":"","overlay-gradient":""}},"_vp_format_video_url":"","_vp_image_focal_point":[],"footnotes":""},"class_list":["post-12","page","type-page","status-publish","hentry"],"acf":[],"yoast_head":"<!-- This site is optimized with the Yoast SEO plugin v27.5 - https:\/\/yoast.com\/product\/yoast-seo-wordpress\/ -->\n<title>Contact - EAR innovation<\/title>\n<meta name=\"robots\" content=\"index, follow, max-snippet:-1, max-image-preview:large, max-video-preview:-1\" \/>\n<link rel=\"canonical\" href=\"https:\/\/earinnovation.com\/en\/contact\/\" \/>\n<meta property=\"og:locale\" content=\"en_US\" \/>\n<meta property=\"og:type\" content=\"article\" \/>\n<meta property=\"og:title\" content=\"Contact - EAR innovation\" \/>\n<meta property=\"og:description\" content=\"Cont\u00e1ctanos \u00a1 Invierte en el futuro de t\u00fa empresa ! Escr\u00edbenos Daremos soluci\u00f3n a todas tus preguntas ceo@earinnovation.com +1 864 6038855\" \/>\n<meta property=\"og:url\" content=\"https:\/\/earinnovation.com\/en\/contact\/\" \/>\n<meta property=\"og:site_name\" content=\"EAR innovation\" \/>\n<meta property=\"article:modified_time\" content=\"2025-04-03T21:57:53+00:00\" \/>\n<meta name=\"twitter:card\" content=\"summary_large_image\" \/>\n<meta name=\"twitter:label1\" content=\"Est. reading time\" \/>\n\t<meta name=\"twitter:data1\" content=\"1 minute\" \/>\n<script type=\"application\/ld+json\" class=\"yoast-schema-graph\">{\"@context\":\"https:\\\/\\\/schema.org\",\"@graph\":[{\"@type\":\"WebPage\",\"@id\":\"https:\\\/\\\/earinnovation.com\\\/contact\\\/\",\"url\":\"https:\\\/\\\/earinnovation.com\\\/contact\\\/\",\"name\":\"Contact - EAR innovation\",\"isPartOf\":{\"@id\":\"https:\\\/\\\/earinnovation.com\\\/#website\"},\"datePublished\":\"2025-01-11T03:36:15+00:00\",\"dateModified\":\"2025-04-03T21:57:53+00:00\",\"breadcrumb\":{\"@id\":\"https:\\\/\\\/earinnovation.com\\\/contact\\\/#breadcrumb\"},\"inLanguage\":\"en-US\",\"potentialAction\":[{\"@type\":\"ReadAction\",\"target\":[\"https:\\\/\\\/earinnovation.com\\\/contact\\\/\"]}]},{\"@type\":\"BreadcrumbList\",\"@id\":\"https:\\\/\\\/earinnovation.com\\\/contact\\\/#breadcrumb\",\"itemListElement\":[{\"@type\":\"ListItem\",\"position\":1,\"name\":\"Home\",\"item\":\"https:\\\/\\\/earinnovation.com\\\/\"},{\"@type\":\"ListItem\",\"position\":2,\"name\":\"Contact\"}]},{\"@type\":\"WebSite\",\"@id\":\"https:\\\/\\\/earinnovation.com\\\/#website\",\"url\":\"https:\\\/\\\/earinnovation.com\\\/\",\"name\":\"EAR innovation\",\"description\":\"Empresarios Alto Rendimiento LLC specializes in empowering small and medium-sized businesses through artificial intelligence solutions and digital transformatio\",\"publisher\":{\"@id\":\"https:\\\/\\\/earinnovation.com\\\/#organization\"},\"potentialAction\":[{\"@type\":\"SearchAction\",\"target\":{\"@type\":\"EntryPoint\",\"urlTemplate\":\"https:\\\/\\\/earinnovation.com\\\/?s={search_term_string}\"},\"query-input\":{\"@type\":\"PropertyValueSpecification\",\"valueRequired\":true,\"valueName\":\"search_term_string\"}}],\"inLanguage\":\"en-US\"},{\"@type\":\"Organization\",\"@id\":\"https:\\\/\\\/earinnovation.com\\\/#organization\",\"name\":\"EAR innovation\",\"url\":\"https:\\\/\\\/earinnovation.com\\\/\",\"logo\":{\"@type\":\"ImageObject\",\"inLanguage\":\"en-US\",\"@id\":\"https:\\\/\\\/earinnovation.com\\\/#\\\/schema\\\/logo\\\/image\\\/\",\"url\":\"https:\\\/\\\/i0.wp.com\\\/earinnovation.com\\\/wp-content\\\/uploads\\\/2025\\\/09\\\/cropped-Logo-air.png?fit=176%2C156&ssl=1\",\"contentUrl\":\"https:\\\/\\\/i0.wp.com\\\/earinnovation.com\\\/wp-content\\\/uploads\\\/2025\\\/09\\\/cropped-Logo-air.png?fit=176%2C156&ssl=1\",\"width\":176,\"height\":156,\"caption\":\"EAR innovation\"},\"image\":{\"@id\":\"https:\\\/\\\/earinnovation.com\\\/#\\\/schema\\\/logo\\\/image\\\/\"}}]}<\/script>\n<!-- \/ Yoast SEO plugin. -->","yoast_head_json":{"title":"Contact - EAR innovation","robots":{"index":"index","follow":"follow","max-snippet":"max-snippet:-1","max-image-preview":"max-image-preview:large","max-video-preview":"max-video-preview:-1"},"canonical":"https:\/\/earinnovation.com\/en\/contact\/","og_locale":"en_US","og_type":"article","og_title":"Contact - EAR innovation","og_description":"Cont\u00e1ctanos \u00a1 Invierte en el futuro de t\u00fa empresa ! Escr\u00edbenos Daremos soluci\u00f3n a todas tus preguntas ceo@earinnovation.com +1 864 6038855","og_url":"https:\/\/earinnovation.com\/en\/contact\/","og_site_name":"EAR innovation","article_modified_time":"2025-04-03T21:57:53+00:00","twitter_card":"summary_large_image","twitter_misc":{"Est. reading time":"1 minute"},"schema":{"@context":"https:\/\/schema.org","@graph":[{"@type":"WebPage","@id":"https:\/\/earinnovation.com\/contact\/","url":"https:\/\/earinnovation.com\/contact\/","name":"Contact - EAR innovation","isPartOf":{"@id":"https:\/\/earinnovation.com\/#website"},"datePublished":"2025-01-11T03:36:15+00:00","dateModified":"2025-04-03T21:57:53+00:00","breadcrumb":{"@id":"https:\/\/earinnovation.com\/contact\/#breadcrumb"},"inLanguage":"en-US","potentialAction":[{"@type":"ReadAction","target":["https:\/\/earinnovation.com\/contact\/"]}]},{"@type":"BreadcrumbList","@id":"https:\/\/earinnovation.com\/contact\/#breadcrumb","itemListElement":[{"@type":"ListItem","position":1,"name":"Home","item":"https:\/\/earinnovation.com\/"},{"@type":"ListItem","position":2,"name":"Contact"}]},{"@type":"WebSite","@id":"https:\/\/earinnovation.com\/#website","url":"https:\/\/earinnovation.com\/","name":"EAR innovation","description":"Empresarios Alto Rendimiento LLC specializes in empowering small and medium-sized businesses through artificial intelligence solutions and digital transformatio","publisher":{"@id":"https:\/\/earinnovation.com\/#organization"},"potentialAction":[{"@type":"SearchAction","target":{"@type":"EntryPoint","urlTemplate":"https:\/\/earinnovation.com\/?s={search_term_string}"},"query-input":{"@type":"PropertyValueSpecification","valueRequired":true,"valueName":"search_term_string"}}],"inLanguage":"en-US"},{"@type":"Organization","@id":"https:\/\/earinnovation.com\/#organization","name":"EAR innovation","url":"https:\/\/earinnovation.com\/","logo":{"@type":"ImageObject","inLanguage":"en-US","@id":"https:\/\/earinnovation.com\/#\/schema\/logo\/image\/","url":"https:\/\/i0.wp.com\/earinnovation.com\/wp-content\/uploads\/2025\/09\/cropped-Logo-air.png?fit=176%2C156&ssl=1","contentUrl":"https:\/\/i0.wp.com\/earinnovation.com\/wp-content\/uploads\/2025\/09\/cropped-Logo-air.png?fit=176%2C156&ssl=1","width":176,"height":156,"caption":"EAR innovation"},"image":{"@id":"https:\/\/earinnovation.com\/#\/schema\/logo\/image\/"}}]}},"featured_image_src":null,"featured_image_src_square":null,"jetpack_sharing_enabled":true,"_links":{"self":[{"href":"https:\/\/earinnovation.com\/en\/wp-json\/wp\/v2\/pages\/12","targetHints":{"allow":["GET"]}}],"collection":[{"href":"https:\/\/earinnovation.com\/en\/wp-json\/wp\/v2\/pages"}],"about":[{"href":"https:\/\/earinnovation.com\/en\/wp-json\/wp\/v2\/types\/page"}],"author":[{"embeddable":true,"href":"https:\/\/earinnovation.com\/en\/wp-json\/wp\/v2\/users\/1"}],"replies":[{"embeddable":true,"href":"https:\/\/earinnovation.com\/en\/wp-json\/wp\/v2\/comments?post=12"}],"version-history":[{"count":6,"href":"https:\/\/earinnovation.com\/en\/wp-json\/wp\/v2\/pages\/12\/revisions"}],"predecessor-version":[{"id":239,"href":"https:\/\/earinnovation.com\/en\/wp-json\/wp\/v2\/pages\/12\/revisions\/239"}],"wp:attachment":[{"href":"https:\/\/earinnovation.com\/en\/wp-json\/wp\/v2\/media?parent=12"}],"curies":[{"name":"wp","href":"https:\/\/api.w.org\/{rel}","templated":true}]}}